{"id":9093,"date":"2022-07-18T05:25:24","date_gmt":"2022-07-18T05:25:24","guid":{"rendered":"https:\/\/dandelum.com\/product\/libro-armonia-en-las-relaciones\/"},"modified":"2022-07-18T05:25:24","modified_gmt":"2022-07-18T05:25:24","slug":"libro-armonia-en-las-relaciones","status":"publish","type":"product","link":"https:\/\/dandelum.com\/es\/producto\/libro-armonia-en-las-relaciones\/","title":{"rendered":"Libro Armon\u00eda en las Relaciones"},"content":{"rendered":"<p>Un cuaderno (tambi\u00e9n conocido como bloc de notas, bloc de escritura, bloc de dibujo o bloc legal) es un libro o pila de p\u00e1ginas de papel que suelen estar rayadas y se utilizan para tomar notas, escribir en un diario u otros escritos, dibujar o hacer \u00e1lbumes de recortes.<\/p>\n","protected":false},"excerpt":{"rendered":"<p>Un cuaderno (tambi\u00e9n conocido como bloc de notas, bloc de escritura, bloc de dibujo o bloc legal) es un libro o pila de p\u00e1ginas de papel que suelen estar rayadas y se utilizan para tomar notas, escribir en un diario u otros escritos, dibujar o hacer \u00e1lbumes de recortes.<\/p>\n","protected":false},"featured_media":7278,"comment_status":"open","ping_status":"closed","template":"","meta":{"_acf_changed":false,"inline_featured_image":false,"episode_type":"","audio_file":"","podmotor_file_id":"","podmotor_episode_id":"","cover_image":"","cover_image_id":"","duration":"","filesize":"","filesize_raw":"","date_recorded":"","explicit":"","block":"","itunes_episode_number":"","itunes_title":"","itunes_season_number":"","itunes_episode_type":""},"product_brand":[],"product_cat":[102],"product_tag":[],"class_list":{"0":"post-9093","1":"product","2":"type-product","3":"status-publish","4":"has-post-thumbnail","6":"product_cat-alimentacion-deportiva","8":"first","9":"instock","10":"shipping-taxable","11":"purchasable","12":"product-type-simple"},"acf":[],"_links":{"self":[{"href":"https:\/\/dandelum.com\/es\/wp-json\/wp\/v2\/product\/9093","targetHints":{"allow":["GET"]}}],"collection":[{"href":"https:\/\/dandelum.com\/es\/wp-json\/wp\/v2\/product"}],"about":[{"href":"https:\/\/dandelum.com\/es\/wp-json\/wp\/v2\/types\/product"}],"replies":[{"embeddable":true,"href":"https:\/\/dandelum.com\/es\/wp-json\/wp\/v2\/comments?post=9093"}],"wp:featuredmedia":[{"embeddable":true,"href":"https:\/\/dandelum.com\/es\/wp-json\/wp\/v2\/media\/7278"}],"wp:attachment":[{"href":"https:\/\/dandelum.com\/es\/wp-json\/wp\/v2\/media?parent=9093"}],"wp:term":[{"taxonomy":"product_brand","embeddable":true,"href":"https:\/\/dandelum.com\/es\/wp-json\/wp\/v2\/product_brand?post=9093"},{"taxonomy":"product_cat","embeddable":true,"href":"https:\/\/dandelum.com\/es\/wp-json\/wp\/v2\/product_cat?post=9093"},{"taxonomy":"product_tag","embeddable":true,"href":"https:\/\/dandelum.com\/es\/wp-json\/wp\/v2\/product_tag?post=9093"}],"curies":[{"name":"wp","href":"https:\/\/api.w.org\/{rel}","templated":true}]}}