{"id":9321,"date":"2022-01-10T11:14:40","date_gmt":"2022-01-10T14:14:40","guid":{"rendered":"https:\/\/dandelum.com\/acerca-de\/"},"modified":"2025-07-16T10:10:40","modified_gmt":"2025-07-16T13:10:40","slug":"about","status":"publish","type":"page","link":"https:\/\/dandelum.com\/es\/about\/","title":{"rendered":"Sobre Nosotros"},"content":{"rendered":"\t\t<div data-elementor-type=\"wp-page\" data-elementor-id=\"9321\" class=\"elementor elementor-9321 elementor-1454\" wpc-filter-elementor-widget=\"1\" data-elementor-post-type=\"page\">\n\t\t\t\t\t\t<section data-particle_enable=\"false\" data-particle-mobile-disabled=\"false\" class=\"elementor-section elementor-top-section elementor-element elementor-element-0e210b4 elementor-section-stretched elementor-section-boxed elementor-section-height-default elementor-section-height-default\" data-id=\"0e210b4\" data-element_type=\"section\" data-e-type=\"section\" data-settings=\"{&quot;background_background&quot;:&quot;classic&quot;,&quot;stretch_section&quot;:&quot;section-stretched&quot;}\">\n\t\t\t\t\t\t<div class=\"elementor-container elementor-column-gap-default\">\n\t\t\t\t\t<div class=\"elementor-column elementor-col-100 elementor-top-column elementor-element elementor-element-0eb362a elementor-invisible\" data-id=\"0eb362a\" data-element_type=\"column\" data-e-type=\"column\" data-settings=\"{&quot;animation&quot;:&quot;fadeIn&quot;,&quot;background_background&quot;:&quot;classic&quot;}\">\n\t\t\t<div class=\"elementor-widget-wrap elementor-element-populated\">\n\t\t\t\t\t\t<div class=\"elementor-element elementor-element-8757db8 elementor-widget elementor-widget-art-heading\" data-id=\"8757db8\" data-element_type=\"widget\" data-e-type=\"widget\" data-widget_type=\"art-heading.default\">\n\t\t\t\t<div class=\"elementor-widget-container\">\n\t\t\t\t\t\r\n        <p class=\"art-heading-text art-body-three-font\">Sobre Dandelum<\/p>\r\n        \t\t\t\t<\/div>\n\t\t\t\t<\/div>\n\t\t\t\t<div class=\"elementor-element elementor-element-cdff988 elementor-widget__width-initial elementor-widget-tablet__width-initial elementor-widget elementor-widget-art-heading\" data-id=\"cdff988\" data-element_type=\"widget\" data-e-type=\"widget\" data-widget_type=\"art-heading.default\">\n\t\t\t\t<div class=\"elementor-widget-container\">\n\t\t\t\t\t\r\n        <h2 class=\"art-heading-text art-h2\">La magia no est\u00e1 en el algoritmo, est\u00e1 en la energ\u00eda que lo mueve<\/h2>\r\n        \t\t\t\t<\/div>\n\t\t\t\t<\/div>\n\t\t\t\t<div class=\"elementor-element elementor-element-6704965 elementor-widget__width-initial elementor-widget elementor-widget-text-editor\" data-id=\"6704965\" data-element_type=\"widget\" data-e-type=\"widget\" data-widget_type=\"text-editor.default\">\n\t\t\t\t\t\t\t\t\t<p class=\"p1\"><span style=\"color: #000000;\">En Dandelum, entendemos que nuestro \u00e9xito va m\u00e1s all\u00e1 de la tecnolog\u00eda, se trata de la conexi\u00f3n humana. Hemos aprendido que, aunque un sistema robusto puede ser \u00fatil, son las personas -el equipo detr\u00e1s de las pantallas- lo que verdaderamente marca la diferencia.<\/span><\/p>\t\t\t\t\t\t\t\t<\/div>\n\t\t\t\t\t<\/div>\n\t\t<\/div>\n\t\t\t\t\t<\/div>\n\t\t<\/section>\n\t\t\t\t<section data-particle_enable=\"false\" data-particle-mobile-disabled=\"false\" class=\"elementor-section elementor-top-section elementor-element elementor-element-3ba1a91 elementor-section-boxed elementor-section-height-default elementor-section-height-default\" data-id=\"3ba1a91\" data-element_type=\"section\" data-e-type=\"section\">\n\t\t\t\t\t\t<div class=\"elementor-container elementor-column-gap-default\">\n\t\t\t\t\t<div class=\"elementor-column elementor-col-100 elementor-top-column elementor-element elementor-element-8633e20\" data-id=\"8633e20\" data-element_type=\"column\" data-e-type=\"column\">\n\t\t\t<div class=\"elementor-widget-wrap elementor-element-populated\">\n\t\t\t\t\t\t<div class=\"elementor-element elementor-element-49deda1 elementor-widget__width-initial elementor-absolute elementor-invisible elementor-widget elementor-widget-image\" data-id=\"49deda1\" data-element_type=\"widget\" data-e-type=\"widget\" data-settings=\"{&quot;_position&quot;:&quot;absolute&quot;,&quot;_animation&quot;:&quot;fadeInLeft&quot;}\" data-widget_type=\"image.default\">\n\t\t\t\t\t\t\t\t\t\t\t\t\t\t\t<img decoding=\"async\" width=\"79\" height=\"75\" src=\"https:\/\/dandelum.com\/wp-content\/uploads\/2024\/08\/quote-1.svg\" class=\"attachment-full size-full wp-image-8678\" alt=\"\" \/>\t\t\t\t\t\t\t\t\t\t\t\t\t\t\t<\/div>\n\t\t\t\t<div class=\"elementor-element elementor-element-7ad2bd8 elementor-invisible elementor-widget elementor-widget-art-heading\" data-id=\"7ad2bd8\" data-element_type=\"widget\" data-e-type=\"widget\" data-settings=\"{&quot;_animation&quot;:&quot;fadeIn&quot;}\" data-widget_type=\"art-heading.default\">\n\t\t\t\t<div class=\"elementor-widget-container\">\n\t\t\t\t\t\r\n        <p class=\"art-heading-text art-h3\">La luz interior es una fuerza silenciosa, sutil, misteriosa, y profundamente sanadora y nutritiva. Quien conecte con su magia interior puede entrar en cualquier espacio y controlarlo sin esfuerzo, irradiando una presencia magn\u00e9tica que cautiva y resuena en quienes lo rodean.<\/p>\r\n        \t\t\t\t<\/div>\n\t\t\t\t<\/div>\n\t\t\t\t\t<\/div>\n\t\t<\/div>\n\t\t\t\t\t<\/div>\n\t\t<\/section>\n\t\t\t\t<section data-particle_enable=\"false\" data-particle-mobile-disabled=\"false\" class=\"elementor-section elementor-top-section elementor-element elementor-element-50f76fd elementor-section-boxed elementor-section-height-default elementor-section-height-default\" data-id=\"50f76fd\" data-element_type=\"section\" data-e-type=\"section\" data-settings=\"{&quot;background_background&quot;:&quot;classic&quot;}\">\n\t\t\t\t\t\t<div class=\"elementor-container elementor-column-gap-default\">\n\t\t\t\t\t<div class=\"elementor-column elementor-col-50 elementor-top-column elementor-element elementor-element-b043e60 elementor-invisible\" data-id=\"b043e60\" data-element_type=\"column\" data-e-type=\"column\" data-settings=\"{&quot;animation&quot;:&quot;fadeIn&quot;}\">\n\t\t\t<div class=\"elementor-widget-wrap elementor-element-populated\">\n\t\t\t\t\t\t<div class=\"elementor-element elementor-element-e717816 elementor-widget__width-initial elementor-absolute elementor-hidden-tablet elementor-hidden-mobile elementor-invisible elementor-widget elementor-widget-image\" data-id=\"e717816\" data-element_type=\"widget\" data-e-type=\"widget\" data-settings=\"{&quot;_position&quot;:&quot;absolute&quot;,&quot;_animation&quot;:&quot;fadeIn&quot;}\" data-widget_type=\"image.default\">\n\t\t\t\t\t\t\t\t\t\t\t\t\t\t\t<img decoding=\"async\" width=\"49\" height=\"39\" src=\"https:\/\/dandelum.com\/wp-content\/uploads\/2024\/08\/hearts-1.svg\" class=\"attachment-full size-full wp-image-8672\" alt=\"\" \/>\t\t\t\t\t\t\t\t\t\t\t\t\t\t\t<\/div>\n\t\t\t\t<div class=\"elementor-element elementor-element-cddfa05 elementor-widget elementor-widget-art-heading\" data-id=\"cddfa05\" data-element_type=\"widget\" data-e-type=\"widget\" data-widget_type=\"art-heading.default\">\n\t\t\t\t<div class=\"elementor-widget-container\">\n\t\t\t\t\t\r\n        <p class=\"art-heading-text art-body-three-font\">Conoce m\u00e1s sobre nuestro<\/p>\r\n        \t\t\t\t<\/div>\n\t\t\t\t<\/div>\n\t\t\t\t<div class=\"elementor-element elementor-element-e862f92 elementor-widget elementor-widget-art-heading\" data-id=\"e862f92\" data-element_type=\"widget\" data-e-type=\"widget\" data-widget_type=\"art-heading.default\">\n\t\t\t\t<div class=\"elementor-widget-container\">\n\t\t\t\t\t\r\n        <h2 class=\"art-heading-text art-h2\">Apoyo consciente<\/h2>\r\n        \t\t\t\t<\/div>\n\t\t\t\t<\/div>\n\t\t\t\t<div class=\"elementor-element elementor-element-f67d69a elementor-widget elementor-widget-text-editor\" data-id=\"f67d69a\" data-element_type=\"widget\" data-e-type=\"widget\" data-widget_type=\"text-editor.default\">\n\t\t\t\t\t\t\t\t\t<p class=\"p1\"><b>Somos un equipo emp\u00e1tico y centrado en ti, que pone tu bienestar en el centro de todo.<\/b><b><\/b><\/p><p class=\"p2\">Sabemos que las herramientas m\u00e1s poderosas para crecer no son las m\u00e1s complejas, sino las m\u00e1s humanas: la conexi\u00f3n y el acompa\u00f1amiento genuino. Por eso, m\u00e1s que un proveedor de servicios, somos tus aliados en el camino hacia el autodescubrimiento y la transformaci\u00f3n personal.<\/p><p class=\"p1\"><b>Nuestra misi\u00f3n es que te sientas acompa\u00f1ado y comprendido.<\/b><b><\/b><\/p><p class=\"p2\">Hemos estado en ese mismo lugar de incertidumbre, y sabemos lo valioso que es contar con una gu\u00eda cuando el camino se vuelve confuso o desafiante.<\/p><p class=\"p2\">Nuestro prop\u00f3sito es ayudarte a reconectar contigo, descubrir tu mejor versi\u00f3n y crear la vida que siempre has so\u00f1ado.<\/p><p class=\"p1\"><b>Nos importa mucho porque este tambi\u00e9n es nuestro viaje.<\/b><\/p>\t\t\t\t\t\t\t\t<\/div>\n\t\t\t\t\t<\/div>\n\t\t<\/div>\n\t\t\t\t<div class=\"elementor-column elementor-col-50 elementor-top-column elementor-element elementor-element-a06ae5a\" data-id=\"a06ae5a\" data-element_type=\"column\" data-e-type=\"column\">\n\t\t\t<div class=\"elementor-widget-wrap elementor-element-populated\">\n\t\t\t\t\t\t<div class=\"elementor-element elementor-element-88a2799 elementor-widget__width-inherit elementor-widget elementor-widget-image\" data-id=\"88a2799\" data-element_type=\"widget\" data-e-type=\"widget\" data-widget_type=\"image.default\">\n\t\t\t\t\t\t\t\t\t\t\t\t\t\t\t<img fetchpriority=\"high\" decoding=\"async\" width=\"860\" height=\"990\" src=\"https:\/\/dandelum.com\/wp-content\/uploads\/2024\/08\/rachel-mcdermott-sboCAvMcba0-unsplash-e1724795790385.jpg\" class=\"attachment-full size-full wp-image-8780\" alt=\"\" srcset=\"https:\/\/dandelum.com\/wp-content\/uploads\/2024\/08\/rachel-mcdermott-sboCAvMcba0-unsplash-e1724795790385.jpg 860w, https:\/\/dandelum.com\/wp-content\/uploads\/2024\/08\/rachel-mcdermott-sboCAvMcba0-unsplash-e1724795790385-526x606.jpg 526w, https:\/\/dandelum.com\/wp-content\/uploads\/2024\/08\/rachel-mcdermott-sboCAvMcba0-unsplash-e1724795790385-120x138.jpg 120w, https:\/\/dandelum.com\/wp-content\/uploads\/2024\/08\/rachel-mcdermott-sboCAvMcba0-unsplash-e1724795790385-261x300.jpg 261w, https:\/\/dandelum.com\/wp-content\/uploads\/2024\/08\/rachel-mcdermott-sboCAvMcba0-unsplash-e1724795790385-768x884.jpg 768w, https:\/\/dandelum.com\/wp-content\/uploads\/2024\/08\/rachel-mcdermott-sboCAvMcba0-unsplash-e1724795790385-555x639.jpg 555w\" sizes=\"(max-width: 860px) 100vw, 860px\" \/>\t\t\t\t\t\t\t\t\t\t\t\t\t\t\t<\/div>\n\t\t\t\t<div class=\"elementor-element elementor-element-871c2e1 elementor-widget__width-initial elementor-absolute elementor-widget elementor-widget-image\" data-id=\"871c2e1\" data-element_type=\"widget\" data-e-type=\"widget\" data-settings=\"{&quot;_position&quot;:&quot;absolute&quot;}\" data-widget_type=\"image.default\">\n\t\t\t\t\t\t\t\t\t\t\t\t\t\t\t<img loading=\"lazy\" decoding=\"async\" width=\"1300\" height=\"1950\" src=\"https:\/\/dandelum.com\/wp-content\/uploads\/2024\/08\/rachel-mcdermott-FsBrSlrIG2Q-unsplash.jpg\" class=\"attachment-full size-full wp-image-8774\" alt=\"\" srcset=\"https:\/\/dandelum.com\/wp-content\/uploads\/2024\/08\/rachel-mcdermott-FsBrSlrIG2Q-unsplash.jpg 1300w, https:\/\/dandelum.com\/wp-content\/uploads\/2024\/08\/rachel-mcdermott-FsBrSlrIG2Q-unsplash-526x789.jpg 526w, https:\/\/dandelum.com\/wp-content\/uploads\/2024\/08\/rachel-mcdermott-FsBrSlrIG2Q-unsplash-107x160.jpg 107w, https:\/\/dandelum.com\/wp-content\/uploads\/2024\/08\/rachel-mcdermott-FsBrSlrIG2Q-unsplash-1025x1538.jpg 1025w, https:\/\/dandelum.com\/wp-content\/uploads\/2024\/08\/rachel-mcdermott-FsBrSlrIG2Q-unsplash-200x300.jpg 200w, https:\/\/dandelum.com\/wp-content\/uploads\/2024\/08\/rachel-mcdermott-FsBrSlrIG2Q-unsplash-683x1024.jpg 683w, https:\/\/dandelum.com\/wp-content\/uploads\/2024\/08\/rachel-mcdermott-FsBrSlrIG2Q-unsplash-768x1152.jpg 768w, https:\/\/dandelum.com\/wp-content\/uploads\/2024\/08\/rachel-mcdermott-FsBrSlrIG2Q-unsplash-1024x1536.jpg 1024w, https:\/\/dandelum.com\/wp-content\/uploads\/2024\/08\/rachel-mcdermott-FsBrSlrIG2Q-unsplash-555x833.jpg 555w\" sizes=\"(max-width: 1300px) 100vw, 1300px\" \/>\t\t\t\t\t\t\t\t\t\t\t\t\t\t\t<\/div>\n\t\t\t\t\t<\/div>\n\t\t<\/div>\n\t\t\t\t\t<\/div>\n\t\t<\/section>\n\t\t\t\t<section data-particle_enable=\"false\" data-particle-mobile-disabled=\"false\" class=\"elementor-section elementor-top-section elementor-element elementor-element-47b3bf8 elementor-section-boxed elementor-section-height-default elementor-section-height-default\" data-id=\"47b3bf8\" data-element_type=\"section\" data-e-type=\"section\" data-settings=\"{&quot;background_background&quot;:&quot;classic&quot;}\">\n\t\t\t\t\t\t<div class=\"elementor-container elementor-column-gap-default\">\n\t\t\t\t\t<div class=\"elementor-column elementor-col-100 elementor-top-column elementor-element elementor-element-915f9ef elementor-invisible\" data-id=\"915f9ef\" data-element_type=\"column\" data-e-type=\"column\" data-settings=\"{&quot;animation&quot;:&quot;fadeIn&quot;}\">\n\t\t\t<div class=\"elementor-widget-wrap elementor-element-populated\">\n\t\t\t\t\t\t<div class=\"elementor-element elementor-element-98a8014 elementor-widget elementor-widget-art-heading\" data-id=\"98a8014\" data-element_type=\"widget\" data-e-type=\"widget\" data-widget_type=\"art-heading.default\">\n\t\t\t\t<div class=\"elementor-widget-container\">\n\t\t\t\t\t\r\n        <p class=\"art-heading-text art-body-three-font\">Metamorfosis<\/p>\r\n        \t\t\t\t<\/div>\n\t\t\t\t<\/div>\n\t\t\t\t<div class=\"elementor-element elementor-element-0f4e160 elementor-widget elementor-widget-art-heading\" data-id=\"0f4e160\" data-element_type=\"widget\" data-e-type=\"widget\" data-widget_type=\"art-heading.default\">\n\t\t\t\t<div class=\"elementor-widget-container\">\n\t\t\t\t\t\r\n        <h2 class=\"art-heading-text art-h2\">Fluye hacia la realidad que imaginas<\/h2>\r\n        \t\t\t\t<\/div>\n\t\t\t\t<\/div>\n\t\t\t\t<div class=\"elementor-element elementor-element-213b456 elementor-widget__width-inherit elementor-widget elementor-widget-text-editor\" data-id=\"213b456\" data-element_type=\"widget\" data-e-type=\"widget\" data-widget_type=\"text-editor.default\">\n\t\t\t\t\t\t\t\t\t<p class=\"p1\"><span class=\"s1\"><b>Cada vida es una odisea irrepetible<\/b><\/span>, moldeada por nuestras experiencias, nuestra historia y los delicados procesos mentales y emocionales que nos definen. En Dandelum, comprendemos que tu camino es verdaderamente \u00fanico. Est\u00e1 influenciado por tu entorno, tus ra\u00edces, la cultura que te envuelve, la sociedad que te rodea, tu familia y cada alma que se cruza contigo.<\/p><p class=\"p3\"><b>Por eso creemos en construir puentes aut\u00e9nticos hacia tu interior.<\/b><b><\/b><\/p><p class=\"p1\">Tu verdad. Tu camino. Tus anhelos.<\/p><p class=\"p1\">Valoramos profundamente tu individualidad, sabiendo que tu recorrido est\u00e1 lleno de matices, belleza y significado. Eso es precisamente lo que lo hace extraordinario.<\/p><p class=\"p3\"><b>Convertirse en uno mismo es una traves\u00eda profunda.<\/b><b><\/b><\/p><p class=\"p1\">Y a medida que avanzas, no solo nutres tu alma, sino tambi\u00e9n la nuestra. Nos inspiras, nos transformas, y juntos nos volvemos m\u00e1s sabios, m\u00e1s sensibles, m\u00e1s humanos. La verdadera magia florece cuando abrazamos con paciencia y determinaci\u00f3n nuestro renacer.<\/p><p class=\"p1\">Hemos dedicado a\u00f1os a explorar, sanar y evolucionar para crear una vida alineada con nuestra esencia. Hoy, estamos aqu\u00ed para acompa\u00f1arte a hacer lo mismo.<\/p><p class=\"p3\"><b>Juntos, abriremos las puertas de tu potencial y cultivaremos una vida con prop\u00f3sito, v\u00ednculos genuinos, alegr\u00eda sincera y un universo de posibilidades.<\/b><b><\/b><\/p>\t\t\t\t\t\t\t\t<\/div>\n\t\t\t\t\t<\/div>\n\t\t<\/div>\n\t\t\t\t\t<\/div>\n\t\t<\/section>\n\t\t\t\t<section data-particle_enable=\"false\" data-particle-mobile-disabled=\"false\" class=\"elementor-section elementor-top-section elementor-element elementor-element-9ffa3e1 elementor-section-boxed elementor-section-height-default elementor-section-height-default\" data-id=\"9ffa3e1\" data-element_type=\"section\" data-e-type=\"section\" data-settings=\"{&quot;background_background&quot;:&quot;classic&quot;}\">\n\t\t\t\t\t\t<div class=\"elementor-container elementor-column-gap-default\">\n\t\t\t\t\t<div class=\"elementor-column elementor-col-50 elementor-top-column elementor-element elementor-element-09a7c06 elementor-invisible\" data-id=\"09a7c06\" data-element_type=\"column\" data-e-type=\"column\" data-settings=\"{&quot;animation&quot;:&quot;fadeIn&quot;}\">\n\t\t\t<div class=\"elementor-widget-wrap elementor-element-populated\">\n\t\t\t\t\t\t<div class=\"elementor-element elementor-element-4204bb3 elementor-widget elementor-widget-art-heading\" data-id=\"4204bb3\" data-element_type=\"widget\" data-e-type=\"widget\" data-widget_type=\"art-heading.default\">\n\t\t\t\t<div class=\"elementor-widget-container\">\n\t\t\t\t\t\r\n        <h2 class=\"art-heading-text art-h1\">Al ritmo de tu alma<\/h2>\r\n        \t\t\t\t<\/div>\n\t\t\t\t<\/div>\n\t\t\t\t<div class=\"elementor-element elementor-element-29fe94e elementor-widget elementor-widget-text-editor\" data-id=\"29fe94e\" data-element_type=\"widget\" data-e-type=\"widget\" data-widget_type=\"text-editor.default\">\n\t\t\t\t\t\t\t\t\t<p class=\"p1\">En Dandelum, estamos aqu\u00ed para guiarte a trav\u00e9s de tu reinvenci\u00f3n interior. Te invitamos a unirte a nuestra comunidad, donde la empat\u00eda, el apoyo y la conexi\u00f3n humana son el centro de todo lo que hacemos. Juntos, te ayudaremos a navegar este viaje de retorno a tu esencia mientras transmutas tu mundo y manifiestas tus sue\u00f1os.<\/p>\t\t\t\t\t\t\t\t<\/div>\n\t\t\t\t<div class=\"elementor-element elementor-element-6b9e53c elementor-widget__width-initial elementor-absolute elementor-hidden-tablet elementor-hidden-mobile elementor-widget elementor-widget-image\" data-id=\"6b9e53c\" data-element_type=\"widget\" data-e-type=\"widget\" data-settings=\"{&quot;_position&quot;:&quot;absolute&quot;}\" data-widget_type=\"image.default\">\n\t\t\t\t\t\t\t\t\t\t\t\t\t\t\t<img loading=\"lazy\" decoding=\"async\" width=\"576\" height=\"596\" src=\"https:\/\/dandelum.com\/wp-content\/uploads\/2022\/01\/Vector-75.png\" class=\"attachment-large size-large wp-image-7162\" alt=\"\" srcset=\"https:\/\/dandelum.com\/wp-content\/uploads\/2022\/01\/Vector-75.png 576w, https:\/\/dandelum.com\/wp-content\/uploads\/2022\/01\/Vector-75-526x544.png 526w, https:\/\/dandelum.com\/wp-content\/uploads\/2022\/01\/Vector-75-120x124.png 120w, https:\/\/dandelum.com\/wp-content\/uploads\/2022\/01\/Vector-75-290x300.png 290w, https:\/\/dandelum.com\/wp-content\/uploads\/2022\/01\/Vector-75-555x574.png 555w\" sizes=\"(max-width: 576px) 100vw, 576px\" \/>\t\t\t\t\t\t\t\t\t\t\t\t\t\t\t<\/div>\n\t\t\t\t<div class=\"elementor-element elementor-element-eff6718 elementor-widget__width-initial elementor-widget elementor-widget-art-list-two\" data-id=\"eff6718\" data-element_type=\"widget\" data-e-type=\"widget\" data-widget_type=\"art-list-two.default\">\n\t\t\t\t<div class=\"elementor-widget-container\">\n\t\t\t\t\t\r\n        <div class=\"art-list-two-item-section\">\r\n                                        <div class=\"art-list-item\">\r\n                    <div class=\"art-list-item-top\">\r\n                        <span>1<\/span>\r\n                        <h5 class=\"art-list-title\">Aceptando el reto<\/h5>\r\n                    <\/div>\r\n                    <p class=\"art-list-item-bottom\">El primer paso hacia el equilibrio suele ser el m\u00e1s dif\u00edcil.\nSolemos sentimos abrumados intentando encontrar armon\u00eda entre el trabajo y nuestra vida personal. Iniciar un proceso de cambio requiere paciencia y determinaci\u00f3n, pero sabemos que al permitir que la magia fluya, vale cada esfuerzo.<\/p>\r\n                <\/div>\r\n                                            <div class=\"art-list-item\">\r\n                    <div class=\"art-list-item-top\">\r\n                        <span>2<\/span>\r\n                        <h5 class=\"art-list-title\">Establecer metas<\/h5>\r\n                    <\/div>\r\n                    <p class=\"art-list-item-bottom\">Comprendernos a nosotros mismos y reconocer nuestros verdaderos deseos es fundamental. Necesitamos profundizar, reflexionar y definir metas claras que est\u00e9n alineadas con nuestra visi\u00f3n de una vida plena. Este camino no se trata solo de alcanzar logros externos, sino de descubrir qui\u00e9nes somos realmente.<\/p>\r\n                <\/div>\r\n                                            <div class=\"art-list-item\">\r\n                    <div class=\"art-list-item-top\">\r\n                        <span>3<\/span>\r\n                        <h5 class=\"art-list-title\">Abrazar la transformaci\u00f3n<\/h5>\r\n                    <\/div>\r\n                    <p class=\"art-list-item-bottom\">La alquimia personal no sucede de la noche a la ma\u00f1ana; es un proceso que se activa con presencia, amor propio y compromiso con el alma. Probablemente implique meses de trabajo profundo junto al coach que elijas, enfrentando los desaf\u00edos que hoy te impiden avanzar. Sin embargo, el proceso ser\u00e1, sin dudas, liberador.<\/p>\r\n                <\/div>\r\n                                    <\/div>\r\n\r\n        \t\t\t\t<\/div>\n\t\t\t\t<\/div>\n\t\t\t\t\t<\/div>\n\t\t<\/div>\n\t\t\t\t<div class=\"elementor-column elementor-col-50 elementor-top-column elementor-element elementor-element-8fc79d7\" data-id=\"8fc79d7\" data-element_type=\"column\" data-e-type=\"column\">\n\t\t\t<div class=\"elementor-widget-wrap elementor-element-populated\">\n\t\t\t\t\t\t<div class=\"elementor-element elementor-element-f6b33f0 elementor-widget elementor-widget-art-floating-image\" data-id=\"f6b33f0\" data-element_type=\"widget\" data-e-type=\"widget\" data-widget_type=\"art-floating-image.default\">\n\t\t\t\t<div class=\"elementor-widget-container\">\n\t\t\t\t\t        <div class=\"art-floating-images\">\r\n            <div class=\"art-floating-images-container\">\r\n                <div class=\"art-floating-image-one-wrapper\">\r\n                    <img decoding=\"async\" class=\"floating-image-one\" src=\"https:\/\/dandelum.com\/wp-content\/uploads\/2022\/08\/8@4x-e1749238843898.jpg\" alt=\"Program Image\">\r\n                <\/div>\r\n                <div class=\"art-floating-image-two-wrapper\">\r\n<!--                    <img decoding=\"async\" class=\"floating-image-two art-paroller-image\" data-paroller-factor-xs=\"0.1\" data-paroller-factor-sm=\"0.1\" data-paroller-factor-md=\"0.1\" data-paroller-factor-lg=\"0.1\" data-paroller-factor-xl=\"0.1\" data-paroller-type=\"foreground\" src=\"--><!--\" alt=\"Program Image\">-->\r\n                    <img decoding=\"async\" class=\"floating-image-two art-paroller-image\" data-paroller-factor=\"0.1\" data-paroller-type=\"foreground\" src=\"https:\/\/dandelum.com\/wp-content\/uploads\/2022\/08\/pexels-arina-krasnikova-5416647-1-e1739480452964.jpg\" alt=\"Program Image\">\r\n                <\/div>\r\n            <\/div>\r\n        <\/div>\r\n\r\n        \t\t\t\t<\/div>\n\t\t\t\t<\/div>\n\t\t\t\t\t<\/div>\n\t\t<\/div>\n\t\t\t\t\t<\/div>\n\t\t<\/section>\n\t\t\t\t<\/div>\n\t\t","protected":false},"excerpt":{"rendered":"<p>En Dandelum, entendemos que nuestro \u00e9xito va m\u00e1s all\u00e1 de la tecnolog\u00eda, se trata de la conexi\u00f3n humana. Hemos aprendido&#8230;<\/p>\n","protected":false},"author":2,"featured_media":0,"parent":0,"menu_order":0,"comment_status":"closed","ping_status":"closed","template":"","meta":{"_acf_changed":false,"inline_featured_image":false,"episode_type":"","audio_file":"","podmotor_file_id":"","podmotor_episode_id":"","cover_image":"","cover_image_id":"","duration":"","filesize":"","filesize_raw":"","date_recorded":"","explicit":"","block":"","itunes_episode_number":"","itunes_title":"","itunes_season_number":"","itunes_episode_type":"","footnotes":""},"class_list":["post-9321","page","type-page","status-publish","hentry"],"acf":[],"_links":{"self":[{"href":"https:\/\/dandelum.com\/es\/wp-json\/wp\/v2\/pages\/9321","targetHints":{"allow":["GET"]}}],"collection":[{"href":"https:\/\/dandelum.com\/es\/wp-json\/wp\/v2\/pages"}],"about":[{"href":"https:\/\/dandelum.com\/es\/wp-json\/wp\/v2\/types\/page"}],"author":[{"embeddable":true,"href":"https:\/\/dandelum.com\/es\/wp-json\/wp\/v2\/users\/2"}],"replies":[{"embeddable":true,"href":"https:\/\/dandelum.com\/es\/wp-json\/wp\/v2\/comments?post=9321"}],"version-history":[{"count":96,"href":"https:\/\/dandelum.com\/es\/wp-json\/wp\/v2\/pages\/9321\/revisions"}],"predecessor-version":[{"id":15215,"href":"https:\/\/dandelum.com\/es\/wp-json\/wp\/v2\/pages\/9321\/revisions\/15215"}],"wp:attachment":[{"href":"https:\/\/dandelum.com\/es\/wp-json\/wp\/v2\/media?parent=9321"}],"curies":[{"name":"wp","href":"https:\/\/api.w.org\/{rel}","templated":true}]}}