{"id":9307,"date":"2022-07-04T09:53:18","date_gmt":"2022-07-04T12:53:18","guid":{"rendered":"https:\/\/dandelum.com\/condiciones-generales\/"},"modified":"2025-08-09T11:17:59","modified_gmt":"2025-08-09T14:17:59","slug":"condiciones-generales","status":"publish","type":"page","link":"https:\/\/dandelum.com\/es\/condiciones-generales\/","title":{"rendered":"Condiciones generales"},"content":{"rendered":"\t\t<div data-elementor-type=\"wp-page\" data-elementor-id=\"9307\" class=\"elementor elementor-9307 elementor-2169\" wpc-filter-elementor-widget=\"1\" data-elementor-post-type=\"page\">\n\t\t\t\t\t\t<section data-particle_enable=\"false\" data-particle-mobile-disabled=\"false\" class=\"elementor-section elementor-top-section elementor-element elementor-element-ed095c1 elementor-section-boxed elementor-section-height-default elementor-section-height-default\" data-id=\"ed095c1\" data-element_type=\"section\" data-e-type=\"section\">\n\t\t\t\t\t\t<div class=\"elementor-container elementor-column-gap-default\">\n\t\t\t\t\t<div class=\"elementor-column elementor-col-100 elementor-top-column elementor-element elementor-element-7e64373\" data-id=\"7e64373\" data-element_type=\"column\" data-e-type=\"column\">\n\t\t\t<div class=\"elementor-widget-wrap elementor-element-populated\">\n\t\t\t\t\t\t<div class=\"elementor-element elementor-element-5cff54a elementor-widget elementor-widget-heading\" data-id=\"5cff54a\" data-element_type=\"widget\" data-e-type=\"widget\" data-widget_type=\"heading.default\">\n\t\t\t\t\t<h1 class=\"elementor-heading-title elementor-size-default\">Introducci\u00f3n<\/h1>\t\t\t\t<\/div>\n\t\t\t\t<div class=\"elementor-element elementor-element-d21d0e7 elementor-widget__width-inherit elementor-widget elementor-widget-text-editor\" data-id=\"d21d0e7\" data-element_type=\"widget\" data-e-type=\"widget\" data-widget_type=\"text-editor.default\">\n\t\t\t\t\t\t\t\t\t<p>Dandelum es una plataforma operada por Dandelum Services, en la que los Usuarios pueden reservar cursos online y seminarios web sobre temas espirituales y relacionados con el estilo de vida y recibir consultas espirituales y de estilo de vida a trav\u00e9s de llamadas de voz o videollamadas (conjuntamente, los \u00abServicios\u00bb). Los Servicios son prestados por asesores espirituales y de estilo de vida (los \u00abAsesores\u00bb).<\/p><p><strong>IMPORTANTE<\/strong>: SI EST\u00c1S PENSANDO EN SUICIDARTE O SI EST\u00c1S CONSIDERANDO LLEVAR A CABO ACCIONES QUE PUEDAN CAUSARTE DA\u00d1O A TI O A OTROS, O SI CREES QUE T\u00da O CUALQUIER OTRA PERSONA POD\u00c9IS ESTAR EN PELIGRO, O SI TIENES CUALQUIER EMERGENCIA M\u00c9DICA, DEBES LLAMAR INMEDIATAMENTE AL N\u00daMERO DEL SERVICIO DE EMERGENCIAS Y AVISAR A LAS AUTORIDADES PERTINENTES.<\/p><p>Te rogamos que leas atentamente estas condiciones de uso (las \u00abCondiciones de Uso\u00bb o el \u00abAcuerdo\u00bb). Este Acuerdo se aplica a tu acceso y uso del sitio web de Dandelum (la \u00abPlataforma\u00bb) y a cualquier contenido que se descargue de la Plataforma o aparezca en ella. Al acceder o utilizar la Plataforma\/Servicios, aceptas cumplir todos los t\u00e9rminos y condiciones descritos en el Acuerdo. Si no est\u00e1s de acuerdo con estos t\u00e9rminos y condiciones, no puedes utilizar la Plataforma\/Servicios. El t\u00e9rmino \u00abt\u00fa\u00bb se refiere al usuario individual de la Plataforma\/Servicios (el \u00abUsuario\u00bb).<\/p><h3>Uso aceptable<\/h3><p>Al aceptar las Condiciones de uso, reconoces y garantizas lo siguiente:<br \/>&#8211; Tienes al menos 18 a\u00f1os.<br \/>&#8211; La informaci\u00f3n que proporcionaste durante el registro es verdadera, precisa y completa, y te comprometes a mantenerla actualizada.<br \/>&#8211; Aceptas proporcionar la informaci\u00f3n m\u00ednima necesaria para la prestaci\u00f3n de los Servicios.<br \/>&#8211; Te comprometes a no utilizar la Plataforma\/Servicios con fines ilegales.<br \/>&#8211; Te comprometes a no obstaculizar el funcionamiento de la Plataforma utilizando software malicioso o de cualquier otra forma que pueda da\u00f1ar la Plataforma.<br \/>&#8211; Te comprometes a no intentar obtener informaci\u00f3n sobre otros Usuarios de la Plataforma.<br \/>&#8211; Antes de intercambiar archivos dentro de la Plataforma\/Servicios, te comprometes a comprobarlos independientemente en busca de virus.<br \/>&#8211; Dandelum se reserva el derecho de detener el intercambio de cualquier informaci\u00f3n entre los Usuarios de la Plataforma\/Servicios y\/o eliminar cualquier contenido subido por el Usuario.<\/p><h3>Derechos del usuario<\/h3><p>&#8211; El Usuario tiene derecho a prohibir a Dandelum el tratamiento de sus datos personales con fines de marketing.<br \/>&#8211; El Usuario puede solicitar una actualizaci\u00f3n de su informaci\u00f3n personal y tiene derecho a solicitar que se elimine toda la informaci\u00f3n sobre \u00e9l almacenada en los servidores de Dandelum poni\u00e9ndose en contacto con Dandelum por correo electr\u00f3nico o a trav\u00e9s del formulario de contacto de https:\/\/dandelum.com\/contact-us.<\/p><h3>Tasas y pagos<\/h3><p>&#8211; Las tarifas por los Servicios pueden abonarse a trav\u00e9s de los m\u00e9todos de pago ofrecidos en la Plataforma. Aceptas cumplir las condiciones de precio acordadas y pagar todas las tarifas de Dandelum por los Servicios prestados. <br \/>&#8211; Autorizas directamente el pago de todas las comisiones por cada transacci\u00f3n que se produzca en tu cuenta.<br \/>&#8211; Todo cr\u00e9dito adquirido por un Usuario que no haya sido utilizado quedar\u00e1 anulado al cabo de seis meses.<br \/>&#8211; Dandelum se reserva el derecho a negarse a prestar los Servicios al Usuario, devolvi\u00e9ndole el importe abonado en la forma que estime conveniente.<\/p><h3>Privacidad<\/h3><p>Para obtener informaci\u00f3n sobre c\u00f3mo protegemos tu privacidad, consulta nuestra <strong>Pol\u00edtica de privacidad de Dandelum<\/strong>.<\/p><h3>Pol\u00edtica de devoluciones<\/h3><p>&#8211; Nuestra pol\u00edtica es aceptar solicitudes de reembolso de los importes prepagados disponibles en la cuenta de Usuario.<br \/>&#8211; Para iniciar este proceso, ponte en contacto con nuestro servicio de atenci\u00f3n al cliente. Tendr\u00e1s que verificar tu nombre de usuario o direcci\u00f3n de correo electr\u00f3nico y contrase\u00f1a para validar tu cuenta con el servicio de atenci\u00f3n al cliente. <br \/>&#8211; Una vez recibida tu solicitud, los importes prepagados no utilizados se cargar\u00e1n en tu cuenta de cliente y se abonar\u00e1n en el m\u00e9todo de pago originario en un plazo de 5 a 7 d\u00edas laborables. Si lo solicitas, te enviaremos un acuse de recibo. <br \/>&#8211; Nos reservamos el derecho a finalizar una transacci\u00f3n para cumplir las normativas de los institutos de tarjetas de cr\u00e9dito, procesadores de pagos y bancos, o para cumplir los requisitos legales.<\/p><h3>Modificaci\u00f3n y cese de los servicios<\/h3><p>&#8211; Dandelum se reserva el derecho a realizar cualquier cambio temporal y\/o permanente en la Plataforma\/Servicios con o sin previo aviso al Usuario y no ser\u00e1 responsable de dichos cambios.<br \/>&#8211; Dandelum se reserva el derecho a dejar de prestar Servicios al Usuario en cualquier momento sin necesidad de justificaci\u00f3n.<\/p><h3>Sitios web de terceros<\/h3><p>&#8211; Dandelum puede utilizar recursos de terceros, aunque Dandelum no tiene control sobre sus operaciones.<br \/>&#8211; La Plataforma\/Servicios pueden contener enlaces a recursos de terceros, anuncios, ofertas especiales u otros eventos que no son propiedad ni est\u00e1n controlados por Dandelum. Dandelum no se hace responsable de la informaci\u00f3n o servicios ofrecidos por terceros. Al utilizar servicios de terceros, el Usuario asume cualquier responsabilidad por posibles riesgos y exime a Dandelum de cualquier responsabilidad.<\/p><h3>Propiedad intelectual<\/h3><p>&#8211; Dandelum concede al Usuario una licencia limitada, revocable, no exclusiva, no sublicenciable y no transferible para acceder y utilizar la Plataforma\/Servicios.<\/p><h3>Limitaciones de responsabilidad<\/h3><p>Aceptas que bajo ninguna circunstancia Dandelum ser\u00e1 responsable de ning\u00fan da\u00f1o directo, indirecto, incidental o real relacionado con:<br \/>&#8211; La exactitud, integridad o contenido de la Plataforma\/Servicios;<br \/>&#8211; La exactitud, integridad o contenido de los servicios de terceros;<br \/>&#8211; Cualquier p\u00e9rdida o da\u00f1o relacionado con el acceso no autorizado, problemas t\u00e9cnicos o el uso de recursos de terceros;<br \/>&#8211; Seguir los consejos de un Asesor;<br \/>&#8211; Cualquier software malicioso transmitido a trav\u00e9s de recursos de terceros.<\/p><p>La anterior limitaci\u00f3n de responsabilidad se aplica en la m\u00e1xima medida permitida por la legislaci\u00f3n aplicable.<\/p><h3>Indemnizaci\u00f3n<\/h3><p>Aceptas defender e indemnizar a Dandelum por cualquier da\u00f1o o reclamaci\u00f3n relacionada con:<br \/>&#8211; Tu violaci\u00f3n de las Condiciones de uso;<br \/>&#8211; Tu negativa a pagar por los Servicios;<br \/>&#8211; La publicaci\u00f3n de contenido inapropiado.<\/p><h3>Uso internacional<\/h3><p>Est\u00e1 prohibido el uso de la Plataforma\/Servicios en zonas donde el contenido proporcionado se considere ilegal. El Usuario es responsable del cumplimiento de las leyes locales.<\/p><h3>Descargo de responsabilidad<\/h3><p>&#8211; Dandelum no garantiza la exactitud o el \u00e9xito de las respuestas o recomendaciones proporcionadas a trav\u00e9s de los Servicios. La Plataforma se proporciona \u00abtal cual\u00bb con fines de entretenimiento. <br \/>&#8211; Dandelum rechaza cualquier garant\u00eda y no es responsable de las cualificaciones de los Asesores.<br \/>&#8211; Aceptas que cualquier uso de las respuestas y recomendaciones recibidas de los Asesores corre por tu cuenta y riesgo, y que Dandelum no es responsable de ning\u00fan da\u00f1o resultante de dicho uso.<\/p><h3>Varios<\/h3><p>&#8211; Dandelum podr\u00e1 notificar al Usuario cambios en las Condiciones de Uso mediante correo electr\u00f3nico, correo ordinario o publicaci\u00f3n en la Plataforma.<br \/>&#8211; El Usuario no podr\u00e1 transferir los derechos u obligaciones derivados del presente Acuerdo sin el consentimiento previo de Dandelum.<br \/>&#8211; El Acuerdo constituye el acuerdo completo entre Dandelum y el Usuario.<br \/>&#8211; Si alguna disposici\u00f3n de este Acuerdo se considera inaplicable, las disposiciones restantes permanecer\u00e1n en pleno vigor y efecto.<\/p><h3>Contacto<\/h3><p>Cualquier duda relacionada con la Plataforma o con este Acuerdo debe dirigirse a info@dandelum.com.<\/p><p><strong>\u00daltima actualizaci\u00f3n:<\/strong> Septiembre 2024<\/p>\t\t\t\t\t\t\t\t<\/div>\n\t\t\t\t\t<\/div>\n\t\t<\/div>\n\t\t\t\t\t<\/div>\n\t\t<\/section>\n\t\t\t\t<\/div>\n\t\t","protected":false},"excerpt":{"rendered":"<p>Introducci\u00f3n Dandelum es una plataforma operada por Dandelum Services, en la que los Usuarios pueden reservar cursos online y seminarios&#8230;<\/p>\n","protected":false},"author":2,"featured_media":0,"parent":0,"menu_order":0,"comment_status":"closed","ping_status":"closed","template":"","meta":{"_acf_changed":false,"inline_featured_image":false,"episode_type":"","audio_file":"","podmotor_file_id":"","podmotor_episode_id":"","cover_image":"","cover_image_id":"","duration":"","filesize":"","filesize_raw":"","date_recorded":"","explicit":"","block":"","itunes_episode_number":"","itunes_title":"","itunes_season_number":"","itunes_episode_type":"","footnotes":""},"class_list":["post-9307","page","type-page","status-publish","hentry"],"acf":[],"_links":{"self":[{"href":"https:\/\/dandelum.com\/es\/wp-json\/wp\/v2\/pages\/9307","targetHints":{"allow":["GET"]}}],"collection":[{"href":"https:\/\/dandelum.com\/es\/wp-json\/wp\/v2\/pages"}],"about":[{"href":"https:\/\/dandelum.com\/es\/wp-json\/wp\/v2\/types\/page"}],"author":[{"embeddable":true,"href":"https:\/\/dandelum.com\/es\/wp-json\/wp\/v2\/users\/2"}],"replies":[{"embeddable":true,"href":"https:\/\/dandelum.com\/es\/wp-json\/wp\/v2\/comments?post=9307"}],"version-history":[{"count":3,"href":"https:\/\/dandelum.com\/es\/wp-json\/wp\/v2\/pages\/9307\/revisions"}],"predecessor-version":[{"id":15436,"href":"https:\/\/dandelum.com\/es\/wp-json\/wp\/v2\/pages\/9307\/revisions\/15436"}],"wp:attachment":[{"href":"https:\/\/dandelum.com\/es\/wp-json\/wp\/v2\/media?parent=9307"}],"curies":[{"name":"wp","href":"https:\/\/api.w.org\/{rel}","templated":true}]}}