{"id":9244,"date":"2024-08-21T17:03:23","date_gmt":"2024-08-21T20:03:23","guid":{"rendered":"https:\/\/dandelum.com\/descargo-de-responsabilidad-2\/"},"modified":"2025-08-09T11:02:13","modified_gmt":"2025-08-09T14:02:13","slug":"descargo-de-responsabilidad","status":"publish","type":"page","link":"https:\/\/dandelum.com\/es\/descargo-de-responsabilidad\/","title":{"rendered":"Descargo de responsabilidad"},"content":{"rendered":"\t\t<div data-elementor-type=\"wp-page\" data-elementor-id=\"9244\" class=\"elementor elementor-9244 elementor-5705\" wpc-filter-elementor-widget=\"1\" data-elementor-post-type=\"page\">\n\t\t\t\t<div data-particle_enable=\"false\" data-particle-mobile-disabled=\"false\" class=\"elementor-element elementor-element-cfe554a e-flex e-con-boxed e-con e-parent\" data-id=\"cfe554a\" data-element_type=\"container\" data-e-type=\"container\">\n\t\t\t\t\t<div class=\"e-con-inner\">\n\t\t\t\t<div class=\"elementor-element elementor-element-f3deb3a elementor-widget elementor-widget-heading\" data-id=\"f3deb3a\" data-element_type=\"widget\" data-e-type=\"widget\" data-widget_type=\"heading.default\">\n\t\t\t\t\t<h2 class=\"elementor-heading-title elementor-size-default\">Descargo de responsabilidad<\/h2>\t\t\t\t<\/div>\n\t\t\t\t<div class=\"elementor-element elementor-element-542450e3 elementor-widget elementor-widget-text-editor\" data-id=\"542450e3\" data-element_type=\"widget\" data-e-type=\"widget\" data-widget_type=\"text-editor.default\">\n\t\t\t\t\t\t\t\t\t<p>Dandelum no garantiza la exactitud o el \u00e9xito de las respuestas, consejos o servicios proporcionados a trav\u00e9s de la Plataforma. La Plataforma y los servicios ofrecidos por Dandelum se proporcionan \u00abtal cual\u00bb, sin ninguna garant\u00eda.\u00a0<\/p><p>Dandelum rechaza expresamente cualquier garant\u00eda relativa a la Plataforma y a todos los servicios, incluida cualquier garant\u00eda impl\u00edcita de comerciabilidad, idoneidad para un fin determinado o por fallo de funcionamiento.\u00a0<\/p><p>Dandelum no garantiza que los servicios prestados o la propia Plataforma est\u00e9n libres de sesgos, defectos, errores, escuchas o interceptaciones.\u00a0<\/p><p>Dandelum no se hace responsable de la calidad de la informaci\u00f3n ni de la autenticaci\u00f3n de los servicios o datos proporcionados por los asesores en la Plataforma.\u00a0<\/p><p>Al utilizar esta Plataforma, aceptas los t\u00e9rminos y condiciones de este Aviso Legal. Aceptas que cualquier uso que hagas de dichas respuestas, consejos o servicios es por tu cuenta y riesgo y que Dandelum no es responsable de ning\u00fan da\u00f1o o p\u00e9rdida resultante de tu confianza en dichas respuestas o consejos.\u00a0<\/p><p>Dandelum y sus servicios s\u00f3lo tienen fines de entretenimiento. Al enviar una pregunta, entiendes y aceptas expresamente que Dandelum no es responsable de ninguna respuesta o informaci\u00f3n que recibas o dejes de recibir, y aceptas expresamente eximir a Dandelum de toda responsabilidad por cualquier p\u00e9rdida, da\u00f1o, lesi\u00f3n o perjuicio resultante o derivado de tu env\u00edo de la pregunta o de tu uso o confianza en cualquier respuesta.<\/p><p>Todas las tarifas indicadas son en USD $ por minuto. Se requiere una tarjeta de cr\u00e9dito Visa\/MasterCard o una cuenta PayPal v\u00e1lidas. Tambi\u00e9n se aceptan tarjetas de prepago, de regalo y algunas tarjetas de d\u00e9bito.\u00a0<\/p><p><b>Los tres (3) minutos gratuitos en todas las sesiones de chat\/llamada s\u00f3lo se aplican a los tres primeros minutos de la primera sesi\u00f3n por cliente \u00fanico nuevo<\/b>.\u00a0<\/p><p>A partir de entonces, se aplicar\u00e1n las tarifas normales. <b>Al iniciar una sesi\u00f3n, confirmas y aceptas los cargos asociados<\/b>. Por favor, aseg\u00farate de que entiendes los cargos implicados antes de iniciar una sesi\u00f3n. Las sesiones se cobran en intervalos de minutos.<\/p>\t\t\t\t\t\t\t\t<\/div>\n\t\t\t\t\t<\/div>\n\t\t\t\t<\/div>\n\t\t\t\t<\/div>\n\t\t","protected":false},"excerpt":{"rendered":"<p>Descargo de responsabilidad Dandelum no garantiza la exactitud o el \u00e9xito de las respuestas, consejos o servicios proporcionados a trav\u00e9s&#8230;<\/p>\n","protected":false},"author":2,"featured_media":0,"parent":0,"menu_order":0,"comment_status":"closed","ping_status":"closed","template":"","meta":{"_acf_changed":false,"inline_featured_image":false,"episode_type":"","audio_file":"","podmotor_file_id":"","podmotor_episode_id":"","cover_image":"","cover_image_id":"","duration":"","filesize":"","filesize_raw":"","date_recorded":"","explicit":"","block":"","itunes_episode_number":"","itunes_title":"","itunes_season_number":"","itunes_episode_type":"","footnotes":""},"class_list":["post-9244","page","type-page","status-publish","hentry"],"acf":[],"_links":{"self":[{"href":"https:\/\/dandelum.com\/es\/wp-json\/wp\/v2\/pages\/9244","targetHints":{"allow":["GET"]}}],"collection":[{"href":"https:\/\/dandelum.com\/es\/wp-json\/wp\/v2\/pages"}],"about":[{"href":"https:\/\/dandelum.com\/es\/wp-json\/wp\/v2\/types\/page"}],"author":[{"embeddable":true,"href":"https:\/\/dandelum.com\/es\/wp-json\/wp\/v2\/users\/2"}],"replies":[{"embeddable":true,"href":"https:\/\/dandelum.com\/es\/wp-json\/wp\/v2\/comments?post=9244"}],"version-history":[{"count":16,"href":"https:\/\/dandelum.com\/es\/wp-json\/wp\/v2\/pages\/9244\/revisions"}],"predecessor-version":[{"id":15432,"href":"https:\/\/dandelum.com\/es\/wp-json\/wp\/v2\/pages\/9244\/revisions\/15432"}],"wp:attachment":[{"href":"https:\/\/dandelum.com\/es\/wp-json\/wp\/v2\/media?parent=9244"}],"curies":[{"name":"wp","href":"https:\/\/api.w.org\/{rel}","templated":true}]}}