{"id":9243,"date":"2024-09-17T13:50:50","date_gmt":"2024-09-17T16:50:50","guid":{"rendered":"https:\/\/dandelum.com\/pie-de-imprenta\/"},"modified":"2025-08-09T11:21:36","modified_gmt":"2025-08-09T14:21:36","slug":"pie-de-imprenta","status":"publish","type":"page","link":"https:\/\/dandelum.com\/es\/pie-de-imprenta\/","title":{"rendered":"Pie de imprenta"},"content":{"rendered":"\t\t<div data-elementor-type=\"wp-page\" data-elementor-id=\"9243\" class=\"elementor elementor-9243 elementor-6724\" wpc-filter-elementor-widget=\"1\" data-elementor-post-type=\"page\">\n\t\t\t\t<div data-particle_enable=\"false\" data-particle-mobile-disabled=\"false\" class=\"elementor-element elementor-element-11f0bcb4 e-flex e-con-boxed e-con e-parent\" data-id=\"11f0bcb4\" data-element_type=\"container\" data-e-type=\"container\">\n\t\t\t\t\t<div class=\"e-con-inner\">\n\t\t\t\t<div class=\"elementor-element elementor-element-099ebfb elementor-widget elementor-widget-text-editor\" data-id=\"099ebfb\" data-element_type=\"widget\" data-e-type=\"widget\" data-widget_type=\"text-editor.default\">\n\t\t\t\t\t\t\t\t\t<h3><strong>Pie de imprenta (Impressum)<\/strong><\/h3><p><strong>Dandelum<\/strong><br>Propietario: [Tu nombre o el nombre de tu empresa]<br>Forma jur\u00eddica: [por ejemplo, Empresa Unipersonal, LLC]<br>Domicilio Social: [Direcci\u00f3n de tu empresa]<br>Correo electr\u00f3nico: [Tu correo electr\u00f3nico de contacto]<br>Tel\u00e9fono: [Tu n\u00famero de tel\u00e9fono de contacto]<br>P\u00e1gina web: www.dandelum.com<\/p><p><strong>Empresa e Informaci\u00f3n Legal<\/strong><br>&#8211; N\u00famero de Registro Mercantil: [Si procede]<br>&#8211; N\u00famero de Identificaci\u00f3n Fiscal (si procede): [Tu NIF]<br>&#8211; Registro Mercantil: [Si est\u00e1s registrado, incluye los datos de registro]<\/p><p><strong>Informaci\u00f3n reglamentaria y profesional<\/strong><br>Si Dandelum ofrece servicios que requieren una licencia o supervisi\u00f3n especial (como asesoramiento o terapia), incluye:<br>&#8211; Autoridad supervisora: [Organismo regulador, si procede]<br>&#8211; Seguro de responsabilidad profesional: [Proveedor del seguro y detalles de la cobertura, si procede]<\/p><p><strong>Descargo de responsabilidad y notas sobre responsabilidad<\/strong><br>Responsabilidad del contenido:<br>El contenido de este sitio web se ha creado con el m\u00e1ximo cuidado. Sin embargo, no podemos garantizar la integridad, exactitud o actualidad de la informaci\u00f3n. El propietario del sitio web es responsable de su propio contenido seg\u00fan las leyes generales, pero no est\u00e1 obligado a supervisar el contenido externo enlazado en este sitio.  <\/p><p><strong>Enlaces externos:<\/strong><br>Este sitio web puede contener enlaces a sitios web externos. No tenemos ninguna influencia sobre su contenido y, por tanto, no podemos asumir ninguna responsabilidad. Los operadores respectivos de estos sitios son los \u00fanicos responsables de su contenido.  <\/p><p><strong>Aviso sobre derechos de autor y marcas registradas:<\/strong><br>Todos los contenidos, logotipos, im\u00e1genes y textos de este sitio web est\u00e1n sujetos a derechos de autor y otras leyes de propiedad intelectual. Cualquier uso, reproducci\u00f3n o distribuci\u00f3n no autorizados est\u00e1n prohibidos sin permiso previo por escrito. <\/p><p><strong>Resoluci\u00f3n alternativa de litigios (requisito de la UE)<\/strong><br>No estamos obligados ni dispuestos a participar en procedimientos de resoluci\u00f3n de litigios ante una junta de arbitraje de consumo. Sin embargo, la Comisi\u00f3n Europea ofrece una plataforma de resoluci\u00f3n de litigios en l\u00ednea (RLL), a la que puedes acceder aqu\u00ed: [https:\/\/ec .europa.eu\/consumers\/odr \/](https:\/\/ec.europa.eu\/consumers\/odr\/) <\/p><p>&#8212;<\/p><p><strong>\u00daltima actualizaci\u00f3n<\/strong>: 14 de febrero de 2025<\/p>\t\t\t\t\t\t\t\t<\/div>\n\t\t\t\t\t<\/div>\n\t\t\t\t<\/div>\n\t\t\t\t<\/div>\n\t\t","protected":false},"excerpt":{"rendered":"<p>Pie de imprenta (Impressum) DandelumPropietario: [Tu nombre o el nombre de tu empresa]Forma jur\u00eddica: [por ejemplo, Empresa Unipersonal, LLC]Domicilio Social:&#8230;<\/p>\n","protected":false},"author":2,"featured_media":0,"parent":0,"menu_order":0,"comment_status":"closed","ping_status":"closed","template":"","meta":{"_acf_changed":false,"inline_featured_image":false,"episode_type":"","audio_file":"","podmotor_file_id":"","podmotor_episode_id":"","cover_image":"","cover_image_id":"","duration":"","filesize":"","filesize_raw":"","date_recorded":"","explicit":"","block":"","itunes_episode_number":"","itunes_title":"","itunes_season_number":"","itunes_episode_type":"","footnotes":""},"class_list":["post-9243","page","type-page","status-publish","hentry"],"acf":[],"_links":{"self":[{"href":"https:\/\/dandelum.com\/es\/wp-json\/wp\/v2\/pages\/9243","targetHints":{"allow":["GET"]}}],"collection":[{"href":"https:\/\/dandelum.com\/es\/wp-json\/wp\/v2\/pages"}],"about":[{"href":"https:\/\/dandelum.com\/es\/wp-json\/wp\/v2\/types\/page"}],"author":[{"embeddable":true,"href":"https:\/\/dandelum.com\/es\/wp-json\/wp\/v2\/users\/2"}],"replies":[{"embeddable":true,"href":"https:\/\/dandelum.com\/es\/wp-json\/wp\/v2\/comments?post=9243"}],"version-history":[{"count":2,"href":"https:\/\/dandelum.com\/es\/wp-json\/wp\/v2\/pages\/9243\/revisions"}],"predecessor-version":[{"id":15440,"href":"https:\/\/dandelum.com\/es\/wp-json\/wp\/v2\/pages\/9243\/revisions\/15440"}],"wp:attachment":[{"href":"https:\/\/dandelum.com\/es\/wp-json\/wp\/v2\/media?parent=9243"}],"curies":[{"name":"wp","href":"https:\/\/api.w.org\/{rel}","templated":true}]}}